{"id":249,"date":"2025-12-06T21:05:17","date_gmt":"2025-12-06T20:05:17","guid":{"rendered":"https:\/\/psienawyki.pl\/?page_id=249"},"modified":"2026-03-16T21:44:05","modified_gmt":"2026-03-16T20:44:05","slug":"konsultacja-behawioralna","status":"publish","type":"page","link":"https:\/\/psienawyki.pl\/index.php\/konsultacja-behawioralna\/","title":{"rendered":"Konsultacja behawioralna"},"content":{"rendered":"\n<p class=\"has-text-align-center\"><strong>Konsultacja behawioralna<\/strong><\/p>\n\n\n\n<p>Jest dla Ciebie i Twojego psa, je\u015bli chcecie budowa\u0107 wzajemne zaufanie i lepiej si\u0119 rozumie\u0107. Jest to te\u017c odpowiedni wyb\u00f3r, je\u015bli borykacie si\u0119 z problemami takimi jak:<\/p>\n\n\n\n<ul class=\"wp-block-list\">\n<li class=\"has-black-color has-text-color has-link-color wp-elements-b1d2b3eb5b411dc56310df5dce0774e0\">nadmierna ekscytacja\/szczekanie<\/li>\n\n\n\n<li class=\"has-black-color has-text-color has-link-color wp-elements-6a372df2e2230bf650320fa460f2bda5\">l\u0119k lub agresja w stosunku do ludzi\/zwierz\u0105t&nbsp;<\/li>\n\n\n\n<li class=\"has-black-color has-text-color has-link-color wp-elements-ca225f83d90f5a9296bf01fb4ed6857e\">l\u0119k separacyjny&nbsp;<\/li>\n\n\n\n<li class=\"has-black-color has-text-color has-link-color wp-elements-df181fe08aeb66897912ff8f8cee5af0\">fobia d\u017awi\u0119kowa<\/li>\n\n\n\n<li class=\"has-black-color has-text-color has-link-color wp-elements-c3b8b687314851ebf520629832faf2b4\">zachowania kompulsywne np. pogo\u0144 za w\u0142asnym ogonem, wylizywanie \u0142ap, polowanie na cienie, chodzenie w k\u00f3\u0142ko<\/li>\n\n\n\n<li class=\"has-black-color has-text-color has-link-color wp-elements-6c6a9d76d2720e885302e66253466dee\">zjadanie niejadalnych przedmiot\u00f3w<\/li>\n<\/ul>\n\n\n\n<p>lub innymi zachowaniami, kt\u00f3re s\u0105 trudne do zaakceptowania.&nbsp;<\/p>\n\n\n\n<p>Pierwszym krokiem jest wype\u0142nienie ankiety behawioralnej, po kt\u00f3rej umawiamy si\u0119 na termin spotkania. Konsultacja wst\u0119pna trwa ok. 2h i odbywa si\u0119 w domu opiekuna oraz psa lub w terenie, je\u015bli jest taka potrzeba. <\/p>\n\n\n\n<p>Po konsultacji opiekun otrzymuje ode mnie podsumowanie spotkania oraz pierwsze zalecenia. Pozostajemy w sta\u0142ym kontakcie przez nast\u0119pne tygodnie, do kolejnej konsultacji.<\/p>\n\n\n\n<p>Je\u015bli nie wiesz, czy zachowanie Twojego psa wymaga konsultacji behawioralnej &#8211; zapraszam do kontaktu.<\/p>\n\n\n\n<p><strong>Lokalizacja<\/strong>: dom opiekuna i psa, praca w terenie&nbsp;<\/p>\n\n\n\n<p><strong>Czas trwania: <\/strong>2 godziny&nbsp;<\/p>\n\n\n\n<p><strong>Koszt:<\/strong> konsultacja wst\u0119pna &#8211; 320 z\u0142 | kolejna &#8211; 280 z\u0142<\/p>\n\n\n\n<hr class=\"wp-block-separator has-text-color has-white-color has-alpha-channel-opacity has-white-background-color has-background is-style-wide\" style=\"margin-top:var(--wp--preset--spacing--50);margin-bottom:var(--wp--preset--spacing--50)\"\/>\n","protected":false},"excerpt":{"rendered":"<p>Konsultacja behawioralna Jest dla Ciebie i Twojego psa, je\u015bli chcecie budowa\u0107 wzajemne zaufanie i lepiej si\u0119 rozumie\u0107. Jest to te\u017c odpowiedni wyb\u00f3r, je\u015bli borykacie si\u0119 z problemami takimi jak: lub innymi zachowaniami, kt\u00f3re s\u0105 trudne do zaakceptowania.&nbsp; Pierwszym krokiem jest wype\u0142nienie ankiety behawioralnej, po kt\u00f3rej umawiamy si\u0119 na termin spotkania. [&hellip;]<\/p>\n","protected":false},"author":1,"featured_media":0,"parent":0,"menu_order":0,"comment_status":"closed","ping_status":"closed","template":"","meta":{"pgc_sgb_lightbox_settings":"","_themeisle_gutenberg_block_has_review":false,"footnotes":""},"class_list":["post-249","page","type-page","status-publish","hentry"],"featured_image_src":null,"yoast_head":"<!-- This site is optimized with the Yoast SEO plugin v26.8 - https:\/\/yoast.com\/product\/yoast-seo-wordpress\/ -->\n<title>Konsultacja behawioralna - Psie Nawyki<\/title>\n<meta name=\"description\" content=\"Jest dla Ciebie i Twojego psa, je\u015bli chcecie budowa\u0107 wzajemne zaufanie i lepiej si\u0119 rozumie\u0107.\" \/>\n<meta name=\"robots\" content=\"index, follow, max-snippet:-1, max-image-preview:large, max-video-preview:-1\" \/>\n<link rel=\"canonical\" href=\"https:\/\/psienawyki.pl\/index.php\/konsultacja-behawioralna\/\" \/>\n<meta property=\"og:locale\" content=\"en_US\" \/>\n<meta property=\"og:type\" content=\"article\" \/>\n<meta property=\"og:title\" content=\"Konsultacja behawioralna - Psie Nawyki\" \/>\n<meta property=\"og:description\" content=\"Jest dla Ciebie i Twojego psa, je\u015bli chcecie budowa\u0107 wzajemne zaufanie i lepiej si\u0119 rozumie\u0107.\" \/>\n<meta property=\"og:url\" content=\"https:\/\/psienawyki.pl\/index.php\/konsultacja-behawioralna\/\" \/>\n<meta property=\"og:site_name\" content=\"Psie Nawyki\" \/>\n<meta property=\"article:publisher\" content=\"https:\/\/www.facebook.com\/PsieNawyki\" \/>\n<meta property=\"article:modified_time\" content=\"2026-03-16T20:44:05+00:00\" \/>\n<meta name=\"twitter:card\" content=\"summary_large_image\" \/>\n<meta name=\"twitter:label1\" content=\"Est. reading time\" \/>\n\t<meta name=\"twitter:data1\" content=\"1 minute\" \/>\n<script type=\"application\/ld+json\" class=\"yoast-schema-graph\">{\"@context\":\"https:\/\/schema.org\",\"@graph\":[{\"@type\":\"WebPage\",\"@id\":\"https:\/\/psienawyki.pl\/index.php\/konsultacja-behawioralna\/\",\"url\":\"https:\/\/psienawyki.pl\/index.php\/konsultacja-behawioralna\/\",\"name\":\"Konsultacja behawioralna - Psie Nawyki\",\"isPartOf\":{\"@id\":\"https:\/\/psienawyki.pl\/#website\"},\"datePublished\":\"2025-12-06T20:05:17+00:00\",\"dateModified\":\"2026-03-16T20:44:05+00:00\",\"description\":\"Jest dla Ciebie i Twojego psa, je\u015bli chcecie budowa\u0107 wzajemne zaufanie i lepiej si\u0119 rozumie\u0107.\",\"breadcrumb\":{\"@id\":\"https:\/\/psienawyki.pl\/index.php\/konsultacja-behawioralna\/#breadcrumb\"},\"inLanguage\":\"en-US\",\"potentialAction\":[{\"@type\":\"ReadAction\",\"target\":[\"https:\/\/psienawyki.pl\/index.php\/konsultacja-behawioralna\/\"]}]},{\"@type\":\"BreadcrumbList\",\"@id\":\"https:\/\/psienawyki.pl\/index.php\/konsultacja-behawioralna\/#breadcrumb\",\"itemListElement\":[{\"@type\":\"ListItem\",\"position\":1,\"name\":\"Home\",\"item\":\"https:\/\/psienawyki.pl\/\"},{\"@type\":\"ListItem\",\"position\":2,\"name\":\"Konsultacja behawioralna\"}]},{\"@type\":\"WebSite\",\"@id\":\"https:\/\/psienawyki.pl\/#website\",\"url\":\"https:\/\/psienawyki.pl\/\",\"name\":\"Psie Nawyki\",\"description\":\"Psie Nawyki \u2013 Krak\u00f3w | Szkolenie ps\u00f3w, behawiorystka\",\"publisher\":{\"@id\":\"https:\/\/psienawyki.pl\/#organization\"},\"potentialAction\":[{\"@type\":\"SearchAction\",\"target\":{\"@type\":\"EntryPoint\",\"urlTemplate\":\"https:\/\/psienawyki.pl\/?s={search_term_string}\"},\"query-input\":{\"@type\":\"PropertyValueSpecification\",\"valueRequired\":true,\"valueName\":\"search_term_string\"}}],\"inLanguage\":\"en-US\"},{\"@type\":\"Organization\",\"@id\":\"https:\/\/psienawyki.pl\/#organization\",\"name\":\"Psie Nawyki\",\"url\":\"https:\/\/psienawyki.pl\/\",\"logo\":{\"@type\":\"ImageObject\",\"inLanguage\":\"en-US\",\"@id\":\"https:\/\/psienawyki.pl\/#\/schema\/logo\/image\/\",\"url\":\"https:\/\/psienawyki.pl\/wp-content\/uploads\/2025\/11\/486165878_8862172407221923_2549958133671265391_n.jpg\",\"contentUrl\":\"https:\/\/psienawyki.pl\/wp-content\/uploads\/2025\/11\/486165878_8862172407221923_2549958133671265391_n.jpg\",\"width\":2048,\"height\":1368,\"caption\":\"Psie Nawyki\"},\"image\":{\"@id\":\"https:\/\/psienawyki.pl\/#\/schema\/logo\/image\/\"},\"sameAs\":[\"https:\/\/www.facebook.com\/PsieNawyki\",\"https:\/\/www.instagram.com\/psienawyki\/\"]}]}<\/script>\n<!-- \/ Yoast SEO plugin. -->","yoast_head_json":{"title":"Konsultacja behawioralna - Psie Nawyki","description":"Jest dla Ciebie i Twojego psa, je\u015bli chcecie budowa\u0107 wzajemne zaufanie i lepiej si\u0119 rozumie\u0107.","robots":{"index":"index","follow":"follow","max-snippet":"max-snippet:-1","max-image-preview":"max-image-preview:large","max-video-preview":"max-video-preview:-1"},"canonical":"https:\/\/psienawyki.pl\/index.php\/konsultacja-behawioralna\/","og_locale":"en_US","og_type":"article","og_title":"Konsultacja behawioralna - Psie Nawyki","og_description":"Jest dla Ciebie i Twojego psa, je\u015bli chcecie budowa\u0107 wzajemne zaufanie i lepiej si\u0119 rozumie\u0107.","og_url":"https:\/\/psienawyki.pl\/index.php\/konsultacja-behawioralna\/","og_site_name":"Psie Nawyki","article_publisher":"https:\/\/www.facebook.com\/PsieNawyki","article_modified_time":"2026-03-16T20:44:05+00:00","twitter_card":"summary_large_image","twitter_misc":{"Est. reading time":"1 minute"},"schema":{"@context":"https:\/\/schema.org","@graph":[{"@type":"WebPage","@id":"https:\/\/psienawyki.pl\/index.php\/konsultacja-behawioralna\/","url":"https:\/\/psienawyki.pl\/index.php\/konsultacja-behawioralna\/","name":"Konsultacja behawioralna - Psie Nawyki","isPartOf":{"@id":"https:\/\/psienawyki.pl\/#website"},"datePublished":"2025-12-06T20:05:17+00:00","dateModified":"2026-03-16T20:44:05+00:00","description":"Jest dla Ciebie i Twojego psa, je\u015bli chcecie budowa\u0107 wzajemne zaufanie i lepiej si\u0119 rozumie\u0107.","breadcrumb":{"@id":"https:\/\/psienawyki.pl\/index.php\/konsultacja-behawioralna\/#breadcrumb"},"inLanguage":"en-US","potentialAction":[{"@type":"ReadAction","target":["https:\/\/psienawyki.pl\/index.php\/konsultacja-behawioralna\/"]}]},{"@type":"BreadcrumbList","@id":"https:\/\/psienawyki.pl\/index.php\/konsultacja-behawioralna\/#breadcrumb","itemListElement":[{"@type":"ListItem","position":1,"name":"Home","item":"https:\/\/psienawyki.pl\/"},{"@type":"ListItem","position":2,"name":"Konsultacja behawioralna"}]},{"@type":"WebSite","@id":"https:\/\/psienawyki.pl\/#website","url":"https:\/\/psienawyki.pl\/","name":"Psie Nawyki","description":"Psie Nawyki \u2013 Krak\u00f3w | Szkolenie ps\u00f3w, behawiorystka","publisher":{"@id":"https:\/\/psienawyki.pl\/#organization"},"potentialAction":[{"@type":"SearchAction","target":{"@type":"EntryPoint","urlTemplate":"https:\/\/psienawyki.pl\/?s={search_term_string}"},"query-input":{"@type":"PropertyValueSpecification","valueRequired":true,"valueName":"search_term_string"}}],"inLanguage":"en-US"},{"@type":"Organization","@id":"https:\/\/psienawyki.pl\/#organization","name":"Psie Nawyki","url":"https:\/\/psienawyki.pl\/","logo":{"@type":"ImageObject","inLanguage":"en-US","@id":"https:\/\/psienawyki.pl\/#\/schema\/logo\/image\/","url":"https:\/\/psienawyki.pl\/wp-content\/uploads\/2025\/11\/486165878_8862172407221923_2549958133671265391_n.jpg","contentUrl":"https:\/\/psienawyki.pl\/wp-content\/uploads\/2025\/11\/486165878_8862172407221923_2549958133671265391_n.jpg","width":2048,"height":1368,"caption":"Psie Nawyki"},"image":{"@id":"https:\/\/psienawyki.pl\/#\/schema\/logo\/image\/"},"sameAs":["https:\/\/www.facebook.com\/PsieNawyki","https:\/\/www.instagram.com\/psienawyki\/"]}]}},"_links":{"self":[{"href":"https:\/\/psienawyki.pl\/index.php\/wp-json\/wp\/v2\/pages\/249","targetHints":{"allow":["GET"]}}],"collection":[{"href":"https:\/\/psienawyki.pl\/index.php\/wp-json\/wp\/v2\/pages"}],"about":[{"href":"https:\/\/psienawyki.pl\/index.php\/wp-json\/wp\/v2\/types\/page"}],"author":[{"embeddable":true,"href":"https:\/\/psienawyki.pl\/index.php\/wp-json\/wp\/v2\/users\/1"}],"replies":[{"embeddable":true,"href":"https:\/\/psienawyki.pl\/index.php\/wp-json\/wp\/v2\/comments?post=249"}],"version-history":[{"count":13,"href":"https:\/\/psienawyki.pl\/index.php\/wp-json\/wp\/v2\/pages\/249\/revisions"}],"predecessor-version":[{"id":971,"href":"https:\/\/psienawyki.pl\/index.php\/wp-json\/wp\/v2\/pages\/249\/revisions\/971"}],"wp:attachment":[{"href":"https:\/\/psienawyki.pl\/index.php\/wp-json\/wp\/v2\/media?parent=249"}],"curies":[{"name":"wp","href":"https:\/\/api.w.org\/{rel}","templated":true}]}}