{"id":250,"date":"2025-12-06T21:05:17","date_gmt":"2025-12-06T20:05:17","guid":{"rendered":"https:\/\/psienawyki.pl\/?page_id=250"},"modified":"2026-01-30T16:36:01","modified_gmt":"2026-01-30T15:36:01","slug":"indywidualne-szkolenia-psa","status":"publish","type":"page","link":"https:\/\/psienawyki.pl\/index.php\/indywidualne-szkolenia-psa\/","title":{"rendered":"Indywidualne szkolenia psa"},"content":{"rendered":"\n\n\n\n\n\n\n<p class=\"has-text-align-center\"><strong>Indywidualne szkolenie psa \/ szczeniaka<\/strong><\/p>\n\n\n\n<p>Jest dla Was, je\u015bli potrzebujecie indywidualnego podej\u015bcia w treningu nowych zachowa\u0144. Na zaj\u0119ciach ucz\u0119 czym jest podstawowe pos\u0142usze\u0144stwo oraz wsp\u00f3lnie ustalamy jakie has\u0142a i \u0107wiczenia b\u0119d\u0105 dla Was przydatne.<\/p>\n\n\n\n<p>To r\u00f3wnie\u017c odpowiednie zaj\u0119cia dla szczeniak\u00f3w, gdzie omawiamy sobie wszystko, co warto wiedzie\u0107 o pierwszych krokach w szkoleniu i socjalizacji m\u0142odego psa.&nbsp;<\/p>\n\n\n\n<p><strong>Lokalizacja<\/strong>: dom opiekuna i psa, praca w terenie&nbsp;<\/p>\n\n\n\n<p><strong>Czas trwania: <\/strong>1 godzina<\/p>\n\n\n\n<p><strong>Koszt:<\/strong> 160 z\u0142<\/p>\n\n\n\n<p>Chcesz ustali\u0107 <strong>regularne spotkania<\/strong>, wraz z <strong>planem treningowym<\/strong> dopasowanym do potrzeb Twoich i Twojego psa? Zapraszam do skorzystania z us\u0142ugi Pakietu indywidualnego szkolenia. <\/p>\n\n\n<div style=\"gap: 20px;\" class=\"align-button-center ub-buttons orientation-button-row ub-flex-wrap wp-block-ub-button\" id=\"ub-button-dee897b6-e71f-4667-823c-0c75c0b2e7f9\"><div class=\"ub-button-container\">\n\t\t\t<a href=\"https:\/\/psienawyki.pl\/index.php\/pakiet-indywidualne-szkolenie-psa-szczeniaka\/\" target=\"_self\" class=\"ub-button-block-main   ub-button-flex\" role=\"button\" style=\"--ub-button-background-color: #662f00; --ub-button-color: #ffffff; --ub-button-border: none; --ub-button-hover-background-color: #784a22; --ub-button-hover-color: #ffffff; --ub-button-hover-border: none; padding-top: 10px; padding-right: 10px; padding-bottom: 10px; padding-left: 10px; border-top-left-radius: 10px;; border-top-right-radius: 10px;; border-bottom-left-radius: 10px;; border-bottom-right-radius: 10px;; \">\n\t\t\t\t<div class=\"ub-button-content-holder\" style=\"flex-direction: row\">\n\t\t\t\t\t<span class=\"ub-button-block-btn\">PAKIET<\/span>\n\t\t\t\t<\/div>\n\t\t\t<\/a>\n\t\t<\/div><\/div>\n\n\n<hr class=\"wp-block-separator has-text-color has-white-color has-alpha-channel-opacity has-white-background-color has-background is-style-wide\" style=\"margin-top:var(--wp--preset--spacing--50);margin-bottom:var(--wp--preset--spacing--50)\"\/>\n\n\n\n<p><\/p>\n","protected":false},"excerpt":{"rendered":"<p>Indywidualne szkolenie psa \/ szczeniaka Jest dla Was, je\u015bli potrzebujecie indywidualnego podej\u015bcia w treningu nowych zachowa\u0144. Na zaj\u0119ciach ucz\u0119 czym jest podstawowe pos\u0142usze\u0144stwo oraz wsp\u00f3lnie ustalamy jakie has\u0142a i \u0107wiczenia b\u0119d\u0105 dla Was przydatne. To r\u00f3wnie\u017c odpowiednie zaj\u0119cia dla szczeniak\u00f3w, gdzie omawiamy sobie wszystko, co warto wiedzie\u0107 o pierwszych krokach [&hellip;]<\/p>\n","protected":false},"author":1,"featured_media":0,"parent":0,"menu_order":0,"comment_status":"closed","ping_status":"closed","template":"","meta":{"pgc_sgb_lightbox_settings":"","_themeisle_gutenberg_block_has_review":false,"footnotes":""},"class_list":["post-250","page","type-page","status-publish","hentry"],"featured_image_src":null,"yoast_head":"<!-- This site is optimized with the Yoast SEO plugin v26.8 - https:\/\/yoast.com\/product\/yoast-seo-wordpress\/ -->\n<title>Indywidualne szkolenia psa - Psie Nawyki<\/title>\n<meta name=\"description\" content=\"Na zaj\u0119ciach ucz\u0119 czym jest podstawowe pos\u0142usze\u0144stwo oraz wsp\u00f3lnie ustalamy jakie has\u0142a i \u0107wiczenia b\u0119d\u0105 dla Was przydatne.\" \/>\n<meta name=\"robots\" content=\"index, follow, max-snippet:-1, max-image-preview:large, max-video-preview:-1\" \/>\n<link rel=\"canonical\" href=\"https:\/\/psienawyki.pl\/index.php\/indywidualne-szkolenia-psa\/\" \/>\n<meta property=\"og:locale\" content=\"en_US\" \/>\n<meta property=\"og:type\" content=\"article\" \/>\n<meta property=\"og:title\" content=\"Indywidualne szkolenia psa - Psie Nawyki\" \/>\n<meta property=\"og:description\" content=\"Na zaj\u0119ciach ucz\u0119 czym jest podstawowe pos\u0142usze\u0144stwo oraz wsp\u00f3lnie ustalamy jakie has\u0142a i \u0107wiczenia b\u0119d\u0105 dla Was przydatne.\" \/>\n<meta property=\"og:url\" content=\"https:\/\/psienawyki.pl\/index.php\/indywidualne-szkolenia-psa\/\" \/>\n<meta property=\"og:site_name\" content=\"Psie Nawyki\" \/>\n<meta property=\"article:publisher\" content=\"https:\/\/www.facebook.com\/PsieNawyki\" \/>\n<meta property=\"article:modified_time\" content=\"2026-01-30T15:36:01+00:00\" \/>\n<meta name=\"twitter:card\" content=\"summary_large_image\" \/>\n<meta name=\"twitter:label1\" content=\"Est. reading time\" \/>\n\t<meta name=\"twitter:data1\" content=\"1 minute\" \/>\n<script type=\"application\/ld+json\" class=\"yoast-schema-graph\">{\"@context\":\"https:\/\/schema.org\",\"@graph\":[{\"@type\":\"WebPage\",\"@id\":\"https:\/\/psienawyki.pl\/index.php\/indywidualne-szkolenia-psa\/\",\"url\":\"https:\/\/psienawyki.pl\/index.php\/indywidualne-szkolenia-psa\/\",\"name\":\"Indywidualne szkolenia psa - Psie Nawyki\",\"isPartOf\":{\"@id\":\"https:\/\/psienawyki.pl\/#website\"},\"datePublished\":\"2025-12-06T20:05:17+00:00\",\"dateModified\":\"2026-01-30T15:36:01+00:00\",\"description\":\"Na zaj\u0119ciach ucz\u0119 czym jest podstawowe pos\u0142usze\u0144stwo oraz wsp\u00f3lnie ustalamy jakie has\u0142a i \u0107wiczenia b\u0119d\u0105 dla Was przydatne.\",\"breadcrumb\":{\"@id\":\"https:\/\/psienawyki.pl\/index.php\/indywidualne-szkolenia-psa\/#breadcrumb\"},\"inLanguage\":\"en-US\",\"potentialAction\":[{\"@type\":\"ReadAction\",\"target\":[\"https:\/\/psienawyki.pl\/index.php\/indywidualne-szkolenia-psa\/\"]}]},{\"@type\":\"BreadcrumbList\",\"@id\":\"https:\/\/psienawyki.pl\/index.php\/indywidualne-szkolenia-psa\/#breadcrumb\",\"itemListElement\":[{\"@type\":\"ListItem\",\"position\":1,\"name\":\"Home\",\"item\":\"https:\/\/psienawyki.pl\/\"},{\"@type\":\"ListItem\",\"position\":2,\"name\":\"Indywidualne szkolenia psa\"}]},{\"@type\":\"WebSite\",\"@id\":\"https:\/\/psienawyki.pl\/#website\",\"url\":\"https:\/\/psienawyki.pl\/\",\"name\":\"Psie Nawyki\",\"description\":\"Psie Nawyki \u2013 Krak\u00f3w | Szkolenie ps\u00f3w, behawiorystka\",\"publisher\":{\"@id\":\"https:\/\/psienawyki.pl\/#organization\"},\"potentialAction\":[{\"@type\":\"SearchAction\",\"target\":{\"@type\":\"EntryPoint\",\"urlTemplate\":\"https:\/\/psienawyki.pl\/?s={search_term_string}\"},\"query-input\":{\"@type\":\"PropertyValueSpecification\",\"valueRequired\":true,\"valueName\":\"search_term_string\"}}],\"inLanguage\":\"en-US\"},{\"@type\":\"Organization\",\"@id\":\"https:\/\/psienawyki.pl\/#organization\",\"name\":\"Psie Nawyki\",\"url\":\"https:\/\/psienawyki.pl\/\",\"logo\":{\"@type\":\"ImageObject\",\"inLanguage\":\"en-US\",\"@id\":\"https:\/\/psienawyki.pl\/#\/schema\/logo\/image\/\",\"url\":\"https:\/\/psienawyki.pl\/wp-content\/uploads\/2025\/11\/486165878_8862172407221923_2549958133671265391_n.jpg\",\"contentUrl\":\"https:\/\/psienawyki.pl\/wp-content\/uploads\/2025\/11\/486165878_8862172407221923_2549958133671265391_n.jpg\",\"width\":2048,\"height\":1368,\"caption\":\"Psie Nawyki\"},\"image\":{\"@id\":\"https:\/\/psienawyki.pl\/#\/schema\/logo\/image\/\"},\"sameAs\":[\"https:\/\/www.facebook.com\/PsieNawyki\",\"https:\/\/www.instagram.com\/psienawyki\/\"]}]}<\/script>\n<!-- \/ Yoast SEO plugin. -->","yoast_head_json":{"title":"Indywidualne szkolenia psa - Psie Nawyki","description":"Na zaj\u0119ciach ucz\u0119 czym jest podstawowe pos\u0142usze\u0144stwo oraz wsp\u00f3lnie ustalamy jakie has\u0142a i \u0107wiczenia b\u0119d\u0105 dla Was przydatne.","robots":{"index":"index","follow":"follow","max-snippet":"max-snippet:-1","max-image-preview":"max-image-preview:large","max-video-preview":"max-video-preview:-1"},"canonical":"https:\/\/psienawyki.pl\/index.php\/indywidualne-szkolenia-psa\/","og_locale":"en_US","og_type":"article","og_title":"Indywidualne szkolenia psa - Psie Nawyki","og_description":"Na zaj\u0119ciach ucz\u0119 czym jest podstawowe pos\u0142usze\u0144stwo oraz wsp\u00f3lnie ustalamy jakie has\u0142a i \u0107wiczenia b\u0119d\u0105 dla Was przydatne.","og_url":"https:\/\/psienawyki.pl\/index.php\/indywidualne-szkolenia-psa\/","og_site_name":"Psie Nawyki","article_publisher":"https:\/\/www.facebook.com\/PsieNawyki","article_modified_time":"2026-01-30T15:36:01+00:00","twitter_card":"summary_large_image","twitter_misc":{"Est. reading time":"1 minute"},"schema":{"@context":"https:\/\/schema.org","@graph":[{"@type":"WebPage","@id":"https:\/\/psienawyki.pl\/index.php\/indywidualne-szkolenia-psa\/","url":"https:\/\/psienawyki.pl\/index.php\/indywidualne-szkolenia-psa\/","name":"Indywidualne szkolenia psa - Psie Nawyki","isPartOf":{"@id":"https:\/\/psienawyki.pl\/#website"},"datePublished":"2025-12-06T20:05:17+00:00","dateModified":"2026-01-30T15:36:01+00:00","description":"Na zaj\u0119ciach ucz\u0119 czym jest podstawowe pos\u0142usze\u0144stwo oraz wsp\u00f3lnie ustalamy jakie has\u0142a i \u0107wiczenia b\u0119d\u0105 dla Was przydatne.","breadcrumb":{"@id":"https:\/\/psienawyki.pl\/index.php\/indywidualne-szkolenia-psa\/#breadcrumb"},"inLanguage":"en-US","potentialAction":[{"@type":"ReadAction","target":["https:\/\/psienawyki.pl\/index.php\/indywidualne-szkolenia-psa\/"]}]},{"@type":"BreadcrumbList","@id":"https:\/\/psienawyki.pl\/index.php\/indywidualne-szkolenia-psa\/#breadcrumb","itemListElement":[{"@type":"ListItem","position":1,"name":"Home","item":"https:\/\/psienawyki.pl\/"},{"@type":"ListItem","position":2,"name":"Indywidualne szkolenia psa"}]},{"@type":"WebSite","@id":"https:\/\/psienawyki.pl\/#website","url":"https:\/\/psienawyki.pl\/","name":"Psie Nawyki","description":"Psie Nawyki \u2013 Krak\u00f3w | Szkolenie ps\u00f3w, behawiorystka","publisher":{"@id":"https:\/\/psienawyki.pl\/#organization"},"potentialAction":[{"@type":"SearchAction","target":{"@type":"EntryPoint","urlTemplate":"https:\/\/psienawyki.pl\/?s={search_term_string}"},"query-input":{"@type":"PropertyValueSpecification","valueRequired":true,"valueName":"search_term_string"}}],"inLanguage":"en-US"},{"@type":"Organization","@id":"https:\/\/psienawyki.pl\/#organization","name":"Psie Nawyki","url":"https:\/\/psienawyki.pl\/","logo":{"@type":"ImageObject","inLanguage":"en-US","@id":"https:\/\/psienawyki.pl\/#\/schema\/logo\/image\/","url":"https:\/\/psienawyki.pl\/wp-content\/uploads\/2025\/11\/486165878_8862172407221923_2549958133671265391_n.jpg","contentUrl":"https:\/\/psienawyki.pl\/wp-content\/uploads\/2025\/11\/486165878_8862172407221923_2549958133671265391_n.jpg","width":2048,"height":1368,"caption":"Psie Nawyki"},"image":{"@id":"https:\/\/psienawyki.pl\/#\/schema\/logo\/image\/"},"sameAs":["https:\/\/www.facebook.com\/PsieNawyki","https:\/\/www.instagram.com\/psienawyki\/"]}]}},"_links":{"self":[{"href":"https:\/\/psienawyki.pl\/index.php\/wp-json\/wp\/v2\/pages\/250","targetHints":{"allow":["GET"]}}],"collection":[{"href":"https:\/\/psienawyki.pl\/index.php\/wp-json\/wp\/v2\/pages"}],"about":[{"href":"https:\/\/psienawyki.pl\/index.php\/wp-json\/wp\/v2\/types\/page"}],"author":[{"embeddable":true,"href":"https:\/\/psienawyki.pl\/index.php\/wp-json\/wp\/v2\/users\/1"}],"replies":[{"embeddable":true,"href":"https:\/\/psienawyki.pl\/index.php\/wp-json\/wp\/v2\/comments?post=250"}],"version-history":[{"count":9,"href":"https:\/\/psienawyki.pl\/index.php\/wp-json\/wp\/v2\/pages\/250\/revisions"}],"predecessor-version":[{"id":948,"href":"https:\/\/psienawyki.pl\/index.php\/wp-json\/wp\/v2\/pages\/250\/revisions\/948"}],"wp:attachment":[{"href":"https:\/\/psienawyki.pl\/index.php\/wp-json\/wp\/v2\/media?parent=250"}],"curies":[{"name":"wp","href":"https:\/\/api.w.org\/{rel}","templated":true}]}}