{"id":31,"date":"2025-11-11T13:32:32","date_gmt":"2025-11-11T13:32:32","guid":{"rendered":"https:\/\/psienawyki.pl\/?page_id=31"},"modified":"2026-01-30T16:31:42","modified_gmt":"2026-01-30T15:31:42","slug":"contact","status":"publish","type":"page","link":"https:\/\/psienawyki.pl\/index.php\/contact\/","title":{"rendered":"Kontakt"},"content":{"rendered":"\n<div class=\"wp-block-columns alignfull is-layout-flex wp-container-core-columns-is-layout-28f84493 wp-block-columns-is-layout-flex\">\n<div class=\"wp-block-column is-layout-flow wp-block-column-is-layout-flow\">\n<div style=\"width: 100%\"> <iframe width=\"100%\" height=\"350\" frameborder=\"0\" scrolling=\"no\" marginheight=\"0\" marginwidth=\"0\" data-src=\"https:\/\/www.google.com\/maps\/embed?pb=!1m18!1m12!1m3!1d5131.742872784545!2d20.0005!3d50.0666!2m3!1f0!2f0!3f0!3m2!1i1024!2i768!4f13.1!3m3!1m2!1s0x47164b1e1d0a8ecf%3A0x7c6a2db2f4a466cd!2sPsie%20Nawyki%20Krak%C3%B3w%20-%20Trener%20Ps%C3%B3w%2C%20Behawiorysta%20ps%C3%B3w!5e0!3m2!1spl!2spl!4v1763121670248!5m2!1spl!2spl\" src=\"data:image\/svg+xml;base64,PHN2ZyB3aWR0aD0iMSIgaGVpZ2h0PSIxIiB4bWxucz0iaHR0cDovL3d3dy53My5vcmcvMjAwMC9zdmciPjwvc3ZnPg==\" class=\"lazyload\" data-load-mode=\"1\"> <\/iframe> <\/div>\n<\/div>\n<\/div>\n\n\n\n<div class=\"wp-block-columns are-vertically-aligned-top container is-layout-flex wp-container-core-columns-is-layout-28f84493 wp-block-columns-is-layout-flex\">\n<div class=\"wp-block-column is-vertically-aligned-top is-layout-flow wp-block-column-is-layout-flow\">\n<h2 class=\"wp-block-heading hestia-title\">Napisz do mnie!<\/h2>\n\n\n<div class=\"wpforms-container wpforms-container-full wpforms-block wpforms-block-b0ca0b84-d167-4a52-9a95-abc301102419\" id=\"wpforms-331\"><form id=\"wpforms-form-331\" class=\"wpforms-validate wpforms-form wpforms-ajax-form\" data-formid=\"331\" method=\"post\" enctype=\"multipart\/form-data\" action=\"\/index.php\/wp-json\/wp\/v2\/pages\/31\" data-token=\"ba0688e3447dc1f6a2cf03b7688ad81f\" data-token-time=\"1775519383\"><noscript class=\"wpforms-error-noscript\">Please enable JavaScript in your browser to complete this form.<\/noscript><div class=\"wpforms-field-container\"><div id=\"wpforms-331-field_1-container\" class=\"wpforms-field wpforms-field-name\" data-field-id=\"1\"><label class=\"wpforms-field-label\" for=\"wpforms-331-field_1\">Imi\u0119 <span class=\"wpforms-required-label\">*<\/span><\/label><input type=\"text\" id=\"wpforms-331-field_1\" class=\"wpforms-field-medium wpforms-field-required\" name=\"wpforms[fields][1]\" required><\/div>\t\t<div id=\"wpforms-331-field_4-container\"\n\t\t\tclass=\"wpforms-field wpforms-field-text\"\n\t\t\tdata-field-type=\"text\"\n\t\t\tdata-field-id=\"4\"\n\t\t\t>\n\t\t\t<label class=\"wpforms-field-label\" for=\"wpforms-331-field_4\" >Imi\u0119 telefonu Email<\/label>\n\t\t\t<input type=\"text\" id=\"wpforms-331-field_4\" class=\"wpforms-field-medium\" name=\"wpforms[fields][4]\" >\n\t\t<\/div>\n\t\t<div id=\"wpforms-331-field_2-container\" class=\"wpforms-field wpforms-field-email\" data-field-id=\"2\"><label class=\"wpforms-field-label\" for=\"wpforms-331-field_2\">Email <span class=\"wpforms-required-label\">*<\/span><\/label><input type=\"email\" id=\"wpforms-331-field_2\" class=\"wpforms-field-medium wpforms-field-required\" name=\"wpforms[fields][2]\" spellcheck=\"false\" required><\/div><div id=\"wpforms-331-field_5-container\" class=\"wpforms-field wpforms-field-text\" data-field-id=\"5\"><label class=\"wpforms-field-label\" for=\"wpforms-331-field_5\">Numer telefonu<\/label><input type=\"text\" id=\"wpforms-331-field_5\" class=\"wpforms-field-medium\" name=\"wpforms[fields][5]\" ><div class=\"wpforms-field-description\">Mo\u017cesz poda\u0107 numer telefonu, skontaktuj\u0119 si\u0119 z Tob\u0105 jak najszybciej!<\/div><\/div><div id=\"wpforms-331-field_3-container\" class=\"wpforms-field wpforms-field-textarea\" data-field-id=\"3\"><label class=\"wpforms-field-label\" for=\"wpforms-331-field_3\">Jak mog\u0119 Ci pom\u00f3c? <span class=\"wpforms-required-label\">*<\/span><\/label><textarea id=\"wpforms-331-field_3\" class=\"wpforms-field-medium wpforms-field-required\" name=\"wpforms[fields][3]\" required><\/textarea><\/div><script>\n\t\t\t\t( function() {\n\t\t\t\t\tconst style = document.createElement( 'style' );\n\t\t\t\t\tstyle.appendChild( document.createTextNode( '#wpforms-331-field_4-container { position: absolute !important; overflow: hidden !important; display: inline !important; height: 1px !important; width: 1px !important; z-index: -1000 !important; padding: 0 !important; } #wpforms-331-field_4-container input { visibility: hidden; } #wpforms-conversational-form-page #wpforms-331-field_4-container label { counter-increment: none; }' ) );\n\t\t\t\t\tdocument.head.appendChild( style );\n\t\t\t\t\tdocument.currentScript?.remove();\n\t\t\t\t} )();\n\t\t\t<\/script><\/div><!-- .wpforms-field-container --><div class=\"wpforms-submit-container\" ><input type=\"hidden\" name=\"wpforms[id]\" value=\"331\"><input type=\"hidden\" name=\"page_title\" value=\"\"><input type=\"hidden\" name=\"page_url\" value=\"https:\/\/psienawyki.pl\/index.php\/wp-json\/wp\/v2\/pages\/31\"><input type=\"hidden\" name=\"url_referer\" value=\"\"><button type=\"submit\" name=\"wpforms[submit]\" id=\"wpforms-submit-331\" class=\"wpforms-submit\" data-alt-text=\"Wysy\u0142am\" data-submit-text=\"Wy\u015blij!\" aria-live=\"assertive\" value=\"wpforms-submit\">Wy\u015blij!<\/button><img decoding=\"async\" data-src=\"https:\/\/psienawyki.pl\/wp-content\/plugins\/wpforms-lite\/assets\/images\/submit-spin.svg\" class=\"wpforms-submit-spinner lazyload\" style=\"--smush-placeholder-width: 26px; --smush-placeholder-aspect-ratio: 26\/26;display: none;\" width=\"26\" height=\"26\" alt=\"Loading\" src=\"data:image\/svg+xml;base64,PHN2ZyB3aWR0aD0iMSIgaGVpZ2h0PSIxIiB4bWxucz0iaHR0cDovL3d3dy53My5vcmcvMjAwMC9zdmciPjwvc3ZnPg==\"><\/div><\/form><\/div>  <!-- .wpforms-container -->\n\n\n<div style=\"height:40px\" aria-hidden=\"true\" class=\"wp-block-spacer\"><\/div>\n<\/div>\n\n\n\n<div class=\"wp-block-column is-vertically-aligned-top is-layout-flow wp-block-column-is-layout-flow\">\n<div class=\"wp-block-columns is-layout-flex wp-container-core-columns-is-layout-28f84493 wp-block-columns-is-layout-flex\">\n<div class=\"wp-block-column is-layout-flow wp-block-column-is-layout-flow\"><\/div>\n\n\n\n<div class=\"wp-block-column is-layout-flow wp-block-column-is-layout-flow\" style=\"flex-basis:50%\">\n<h4 class=\"wp-block-heading has-text-align-left hestia-title has-black-color has-text-color\" style=\"font-size:22px\"><img decoding=\"async\" class=\"wp-image-86 lazyload\" style=\"--smush-placeholder-width: 512px; --smush-placeholder-aspect-ratio: 512\/512;width: 33px;\" data-src=\"https:\/\/psienawyki.pl\/wp-content\/uploads\/2025\/12\/paw.png\" alt=\"fa-paw\" src=\"data:image\/svg+xml;base64,PHN2ZyB3aWR0aD0iMSIgaGVpZ2h0PSIxIiB4bWxucz0iaHR0cDovL3d3dy53My5vcmcvMjAwMC9zdmciPjwvc3ZnPg==\"> <strong>z\u0141APmy si\u0119!<\/strong><\/h4>\n\n\n\n<p class=\"has-text-align-left has-black-color has-text-color\" style=\"font-size:17px\">\u015awiadcz\u0119 us\u0142ugi na terenie ca\u0142ego Krakowa i okolic!<\/p>\n\n\n\n<div style=\"height:40px\" aria-hidden=\"true\" class=\"wp-block-spacer\"><\/div>\n\n\n\n<h4 class=\"wp-block-heading has-text-align-left hestia-title has-black-color has-text-color\" style=\"font-size:22px\"><img decoding=\"async\" class=\"wp-image-98 lazyload\" style=\"--smush-placeholder-width: 256px; --smush-placeholder-aspect-ratio: 256\/256;width: 33px;\" data-src=\"https:\/\/psienawyki.pl\/wp-content\/uploads\/2025\/12\/phone-call.png\" alt=\"\" src=\"data:image\/svg+xml;base64,PHN2ZyB3aWR0aD0iMSIgaGVpZ2h0PSIxIiB4bWxucz0iaHR0cDovL3d3dy53My5vcmcvMjAwMC9zdmciPjwvc3ZnPg==\"> <strong><strong>Zadzwo\u0144 do mnie<\/strong><\/strong><\/h4>\n\n\n\n<p class=\"has-text-align-left has-black-color has-text-color\" style=\"font-size:17px\">Wiktoria Miecho\u0144ska<br><strong>+48 790 702 100<\/strong><br>Je\u017celi nie odbieram &#8211; na pewno oddzwoni\u0119!<\/p>\n<\/div>\n\n\n\n<div class=\"wp-block-column is-layout-flow wp-block-column-is-layout-flow\"><\/div>\n<\/div>\n<\/div>\n<\/div>\n\n\n\n<p><\/p>\n","protected":false},"excerpt":{"rendered":"<p>Napisz do mnie! z\u0141APmy si\u0119! \u015awiadcz\u0119 us\u0142ugi na terenie ca\u0142ego Krakowa i okolic! Zadzwo\u0144 do mnie Wiktoria Miecho\u0144ska+48 790 702 100Je\u017celi nie odbieram &#8211; na pewno oddzwoni\u0119!<\/p>\n","protected":false},"author":1,"featured_media":23,"parent":0,"menu_order":0,"comment_status":"closed","ping_status":"closed","template":"page-templates\/template-pagebuilder-full-width.php","meta":{"pgc_sgb_lightbox_settings":"","_themeisle_gutenberg_block_has_review":false,"footnotes":""},"class_list":["post-31","page","type-page","status-publish","has-post-thumbnail","hentry"],"featured_image_src":"https:\/\/psienawyki.pl\/wp-content\/uploads\/2025\/11\/slider1-2.jpg","yoast_head":"<!-- This site is optimized with the Yoast SEO plugin v26.8 - https:\/\/yoast.com\/product\/yoast-seo-wordpress\/ -->\n<title>Kontakt - Psie Nawyki<\/title>\n<meta name=\"description\" content=\"\u015awiadcz\u0119 us\u0142ugi na terenie ca\u0142ego Krakowa i okolic! Wiktoria Miecho\u0144ska, +48 790 702 100 psienawyki@gmail.com\" \/>\n<meta name=\"robots\" content=\"index, follow, max-snippet:-1, max-image-preview:large, max-video-preview:-1\" \/>\n<link rel=\"canonical\" href=\"https:\/\/psienawyki.pl\/index.php\/contact\/\" \/>\n<meta property=\"og:locale\" content=\"en_US\" \/>\n<meta property=\"og:type\" content=\"article\" \/>\n<meta property=\"og:title\" content=\"Kontakt - Psie Nawyki\" \/>\n<meta property=\"og:description\" content=\"\u015awiadcz\u0119 us\u0142ugi na terenie ca\u0142ego Krakowa i okolic! Wiktoria Miecho\u0144ska, +48 790 702 100 psienawyki@gmail.com\" \/>\n<meta property=\"og:url\" content=\"https:\/\/psienawyki.pl\/index.php\/contact\/\" \/>\n<meta property=\"og:site_name\" content=\"Psie Nawyki\" \/>\n<meta property=\"article:publisher\" content=\"https:\/\/www.facebook.com\/PsieNawyki\" \/>\n<meta property=\"article:modified_time\" content=\"2026-01-30T15:31:42+00:00\" \/>\n<meta property=\"og:image\" content=\"https:\/\/psienawyki.pl\/wp-content\/uploads\/2025\/11\/slider1-2.jpg\" \/>\n\t<meta property=\"og:image:width\" content=\"1104\" \/>\n\t<meta property=\"og:image:height\" content=\"621\" \/>\n\t<meta property=\"og:image:type\" content=\"image\/jpeg\" \/>\n<meta name=\"twitter:card\" content=\"summary_large_image\" \/>\n<meta name=\"twitter:label1\" content=\"Est. reading time\" \/>\n\t<meta name=\"twitter:data1\" content=\"1 minute\" \/>\n<script type=\"application\/ld+json\" class=\"yoast-schema-graph\">{\"@context\":\"https:\/\/schema.org\",\"@graph\":[{\"@type\":\"WebPage\",\"@id\":\"https:\/\/psienawyki.pl\/index.php\/contact\/\",\"url\":\"https:\/\/psienawyki.pl\/index.php\/contact\/\",\"name\":\"Kontakt - Psie Nawyki\",\"isPartOf\":{\"@id\":\"https:\/\/psienawyki.pl\/#website\"},\"primaryImageOfPage\":{\"@id\":\"https:\/\/psienawyki.pl\/index.php\/contact\/#primaryimage\"},\"image\":{\"@id\":\"https:\/\/psienawyki.pl\/index.php\/contact\/#primaryimage\"},\"thumbnailUrl\":\"https:\/\/psienawyki.pl\/wp-content\/uploads\/2025\/11\/slider1-2.jpg\",\"datePublished\":\"2025-11-11T13:32:32+00:00\",\"dateModified\":\"2026-01-30T15:31:42+00:00\",\"description\":\"\u015awiadcz\u0119 us\u0142ugi na terenie ca\u0142ego Krakowa i okolic! Wiktoria Miecho\u0144ska, +48 790 702 100 psienawyki@gmail.com\",\"breadcrumb\":{\"@id\":\"https:\/\/psienawyki.pl\/index.php\/contact\/#breadcrumb\"},\"inLanguage\":\"en-US\",\"potentialAction\":[{\"@type\":\"ReadAction\",\"target\":[\"https:\/\/psienawyki.pl\/index.php\/contact\/\"]}]},{\"@type\":\"ImageObject\",\"inLanguage\":\"en-US\",\"@id\":\"https:\/\/psienawyki.pl\/index.php\/contact\/#primaryimage\",\"url\":\"https:\/\/psienawyki.pl\/wp-content\/uploads\/2025\/11\/slider1-2.jpg\",\"contentUrl\":\"https:\/\/psienawyki.pl\/wp-content\/uploads\/2025\/11\/slider1-2.jpg\",\"width\":1104,\"height\":621},{\"@type\":\"BreadcrumbList\",\"@id\":\"https:\/\/psienawyki.pl\/index.php\/contact\/#breadcrumb\",\"itemListElement\":[{\"@type\":\"ListItem\",\"position\":1,\"name\":\"Home\",\"item\":\"https:\/\/psienawyki.pl\/\"},{\"@type\":\"ListItem\",\"position\":2,\"name\":\"Kontakt\"}]},{\"@type\":\"WebSite\",\"@id\":\"https:\/\/psienawyki.pl\/#website\",\"url\":\"https:\/\/psienawyki.pl\/\",\"name\":\"Psie Nawyki\",\"description\":\"Psie Nawyki \u2013 Krak\u00f3w | Szkolenie ps\u00f3w, behawiorystka\",\"publisher\":{\"@id\":\"https:\/\/psienawyki.pl\/#organization\"},\"potentialAction\":[{\"@type\":\"SearchAction\",\"target\":{\"@type\":\"EntryPoint\",\"urlTemplate\":\"https:\/\/psienawyki.pl\/?s={search_term_string}\"},\"query-input\":{\"@type\":\"PropertyValueSpecification\",\"valueRequired\":true,\"valueName\":\"search_term_string\"}}],\"inLanguage\":\"en-US\"},{\"@type\":\"Organization\",\"@id\":\"https:\/\/psienawyki.pl\/#organization\",\"name\":\"Psie Nawyki\",\"url\":\"https:\/\/psienawyki.pl\/\",\"logo\":{\"@type\":\"ImageObject\",\"inLanguage\":\"en-US\",\"@id\":\"https:\/\/psienawyki.pl\/#\/schema\/logo\/image\/\",\"url\":\"https:\/\/psienawyki.pl\/wp-content\/uploads\/2025\/11\/486165878_8862172407221923_2549958133671265391_n.jpg\",\"contentUrl\":\"https:\/\/psienawyki.pl\/wp-content\/uploads\/2025\/11\/486165878_8862172407221923_2549958133671265391_n.jpg\",\"width\":2048,\"height\":1368,\"caption\":\"Psie Nawyki\"},\"image\":{\"@id\":\"https:\/\/psienawyki.pl\/#\/schema\/logo\/image\/\"},\"sameAs\":[\"https:\/\/www.facebook.com\/PsieNawyki\",\"https:\/\/www.instagram.com\/psienawyki\/\"]}]}<\/script>\n<!-- \/ Yoast SEO plugin. -->","yoast_head_json":{"title":"Kontakt - Psie Nawyki","description":"\u015awiadcz\u0119 us\u0142ugi na terenie ca\u0142ego Krakowa i okolic! Wiktoria Miecho\u0144ska, +48 790 702 100 psienawyki@gmail.com","robots":{"index":"index","follow":"follow","max-snippet":"max-snippet:-1","max-image-preview":"max-image-preview:large","max-video-preview":"max-video-preview:-1"},"canonical":"https:\/\/psienawyki.pl\/index.php\/contact\/","og_locale":"en_US","og_type":"article","og_title":"Kontakt - Psie Nawyki","og_description":"\u015awiadcz\u0119 us\u0142ugi na terenie ca\u0142ego Krakowa i okolic! Wiktoria Miecho\u0144ska, +48 790 702 100 psienawyki@gmail.com","og_url":"https:\/\/psienawyki.pl\/index.php\/contact\/","og_site_name":"Psie Nawyki","article_publisher":"https:\/\/www.facebook.com\/PsieNawyki","article_modified_time":"2026-01-30T15:31:42+00:00","og_image":[{"width":1104,"height":621,"url":"https:\/\/psienawyki.pl\/wp-content\/uploads\/2025\/11\/slider1-2.jpg","type":"image\/jpeg"}],"twitter_card":"summary_large_image","twitter_misc":{"Est. reading time":"1 minute"},"schema":{"@context":"https:\/\/schema.org","@graph":[{"@type":"WebPage","@id":"https:\/\/psienawyki.pl\/index.php\/contact\/","url":"https:\/\/psienawyki.pl\/index.php\/contact\/","name":"Kontakt - Psie Nawyki","isPartOf":{"@id":"https:\/\/psienawyki.pl\/#website"},"primaryImageOfPage":{"@id":"https:\/\/psienawyki.pl\/index.php\/contact\/#primaryimage"},"image":{"@id":"https:\/\/psienawyki.pl\/index.php\/contact\/#primaryimage"},"thumbnailUrl":"https:\/\/psienawyki.pl\/wp-content\/uploads\/2025\/11\/slider1-2.jpg","datePublished":"2025-11-11T13:32:32+00:00","dateModified":"2026-01-30T15:31:42+00:00","description":"\u015awiadcz\u0119 us\u0142ugi na terenie ca\u0142ego Krakowa i okolic! Wiktoria Miecho\u0144ska, +48 790 702 100 psienawyki@gmail.com","breadcrumb":{"@id":"https:\/\/psienawyki.pl\/index.php\/contact\/#breadcrumb"},"inLanguage":"en-US","potentialAction":[{"@type":"ReadAction","target":["https:\/\/psienawyki.pl\/index.php\/contact\/"]}]},{"@type":"ImageObject","inLanguage":"en-US","@id":"https:\/\/psienawyki.pl\/index.php\/contact\/#primaryimage","url":"https:\/\/psienawyki.pl\/wp-content\/uploads\/2025\/11\/slider1-2.jpg","contentUrl":"https:\/\/psienawyki.pl\/wp-content\/uploads\/2025\/11\/slider1-2.jpg","width":1104,"height":621},{"@type":"BreadcrumbList","@id":"https:\/\/psienawyki.pl\/index.php\/contact\/#breadcrumb","itemListElement":[{"@type":"ListItem","position":1,"name":"Home","item":"https:\/\/psienawyki.pl\/"},{"@type":"ListItem","position":2,"name":"Kontakt"}]},{"@type":"WebSite","@id":"https:\/\/psienawyki.pl\/#website","url":"https:\/\/psienawyki.pl\/","name":"Psie Nawyki","description":"Psie Nawyki \u2013 Krak\u00f3w | Szkolenie ps\u00f3w, behawiorystka","publisher":{"@id":"https:\/\/psienawyki.pl\/#organization"},"potentialAction":[{"@type":"SearchAction","target":{"@type":"EntryPoint","urlTemplate":"https:\/\/psienawyki.pl\/?s={search_term_string}"},"query-input":{"@type":"PropertyValueSpecification","valueRequired":true,"valueName":"search_term_string"}}],"inLanguage":"en-US"},{"@type":"Organization","@id":"https:\/\/psienawyki.pl\/#organization","name":"Psie Nawyki","url":"https:\/\/psienawyki.pl\/","logo":{"@type":"ImageObject","inLanguage":"en-US","@id":"https:\/\/psienawyki.pl\/#\/schema\/logo\/image\/","url":"https:\/\/psienawyki.pl\/wp-content\/uploads\/2025\/11\/486165878_8862172407221923_2549958133671265391_n.jpg","contentUrl":"https:\/\/psienawyki.pl\/wp-content\/uploads\/2025\/11\/486165878_8862172407221923_2549958133671265391_n.jpg","width":2048,"height":1368,"caption":"Psie Nawyki"},"image":{"@id":"https:\/\/psienawyki.pl\/#\/schema\/logo\/image\/"},"sameAs":["https:\/\/www.facebook.com\/PsieNawyki","https:\/\/www.instagram.com\/psienawyki\/"]}]}},"_links":{"self":[{"href":"https:\/\/psienawyki.pl\/index.php\/wp-json\/wp\/v2\/pages\/31","targetHints":{"allow":["GET"]}}],"collection":[{"href":"https:\/\/psienawyki.pl\/index.php\/wp-json\/wp\/v2\/pages"}],"about":[{"href":"https:\/\/psienawyki.pl\/index.php\/wp-json\/wp\/v2\/types\/page"}],"author":[{"embeddable":true,"href":"https:\/\/psienawyki.pl\/index.php\/wp-json\/wp\/v2\/users\/1"}],"replies":[{"embeddable":true,"href":"https:\/\/psienawyki.pl\/index.php\/wp-json\/wp\/v2\/comments?post=31"}],"version-history":[{"count":41,"href":"https:\/\/psienawyki.pl\/index.php\/wp-json\/wp\/v2\/pages\/31\/revisions"}],"predecessor-version":[{"id":912,"href":"https:\/\/psienawyki.pl\/index.php\/wp-json\/wp\/v2\/pages\/31\/revisions\/912"}],"wp:featuredmedia":[{"embeddable":true,"href":"https:\/\/psienawyki.pl\/index.php\/wp-json\/wp\/v2\/media\/23"}],"wp:attachment":[{"href":"https:\/\/psienawyki.pl\/index.php\/wp-json\/wp\/v2\/media?parent=31"}],"curies":[{"name":"wp","href":"https:\/\/api.w.org\/{rel}","templated":true}]}}